{"id":213,"date":"2016-09-23T12:53:35","date_gmt":"2016-09-23T10:53:35","guid":{"rendered":"https:\/\/treeguard.eu\/kontakt\/?lang=en"},"modified":"2021-01-12T15:50:06","modified_gmt":"2021-01-12T13:50:06","slug":"kontakt","status":"publish","type":"page","link":"https:\/\/treeguard.eu\/en\/kontakt\/","title":{"rendered":"Contact"},"content":{"rendered":"[vc_row css=&#8221;.vc_custom_1474628207718{padding-top: 80px !important;padding-bottom: 80px !important;background-color: #ffffff !important;}&#8221; background_style=&#8221;normal&#8221;][vc_column][vc_row_inner type=&#8221;boxed&#8221; css=&#8221;.vc_custom_1405608653609{padding-right: 8% !important;padding-left: 8% !important;}&#8221;][vc_column_inner][vc_icon icon_fontawesome=&#8221;fa fa-envelope&#8221; color=&#8221;custom&#8221; background_style=&#8221;rounded-outline&#8221; size=&#8221;xl&#8221; align=&#8221;center&#8221; custom_color=&#8221;#8cc640&#8243;][vc_column_text]\n<h3 style=\"text-align: center;\"><span style=\"color: #8cc640;\">Contact us anytime<\/span><\/h3>\n[\/vc_column_text][\/vc_column_inner][\/vc_row_inner][\/vc_column][\/vc_row][vc_row css=&#8221;.vc_custom_1405676078124{padding-top: 75px !important;padding-bottom: 75px !important;}&#8221; background_style=&#8221;normal&#8221;][vc_column][vc_row_inner type=&#8221;boxed&#8221;][vc_column_inner width=&#8221;1\/3&#8243; css=&#8221;.vc_custom_1405676470785{padding-right: 30px !important;}&#8221;][vc_column_text css=&#8221;.vc_custom_1450102053110{margin-top: -15px !important;margin-bottom: -15px !important;}&#8221;]<strong>Customer servis:<\/strong><\/p>\n<p>+421 918 520 421<\/p>\n<p>Monday &#8211; Friday: 8:00 &#8211; 18:00[\/vc_column_text][vc_column_text css=&#8221;.vc_custom_1450102132847{margin-bottom: -15px !important;}&#8221;]<strong>Company address:<\/strong><\/p>\n<p>TreeGuard s.r.o<br \/>\n<span style=\"line-height: 1.5;\">Prievozsk\u00e1 4D, Blok E<br \/>\n821 09 Bratislava<br \/>\n<\/span><\/p>\n<p>I\u010cO: 51 280 205<br \/>\nDI\u010c: 2120653854<br \/>\nI\u010c DPH: SK2120653854<\/p>\n<p>Account number:\u00a00462675897\/0900<br \/>\nIBAN: SK4009000000000462675897<br \/>\nSlovensk\u00e1 sporite\u013e\u0148a[\/vc_column_text][\/vc_column_inner][vc_column_inner width=&#8221;2\/3&#8243;]\n<div class=\"wpcf7 no-js\" id=\"wpcf7-f5-o1\" lang=\"sk-SK\" dir=\"ltr\" data-wpcf7-id=\"5\">\n<div class=\"screen-reader-response\"><p role=\"status\" aria-live=\"polite\" aria-atomic=\"true\"><\/p> <ul><\/ul><\/div>\n<form action=\"\/en\/wp-json\/wp\/v2\/pages\/213#wpcf7-f5-o1\" method=\"post\" class=\"wpcf7-form init\" aria-label=\"Kontaktn\u00fd formul\u00e1r\" novalidate=\"novalidate\" data-status=\"init\">\n<fieldset class=\"hidden-fields-container\"><input type=\"hidden\" name=\"_wpcf7\" value=\"5\" \/><input type=\"hidden\" name=\"_wpcf7_version\" value=\"6.1.5\" \/><input type=\"hidden\" name=\"_wpcf7_locale\" value=\"sk_SK\" \/><input type=\"hidden\" name=\"_wpcf7_unit_tag\" value=\"wpcf7-f5-o1\" \/><input type=\"hidden\" name=\"_wpcf7_container_post\" value=\"0\" \/><input type=\"hidden\" name=\"_wpcf7_posted_data_hash\" value=\"\" \/>\n<\/fieldset>\n\n<p><span class=\"wpcf7-form-control-wrap\" data-name=\"your-name\"><input size=\"40\" maxlength=\"400\" class=\"wpcf7-form-control wpcf7-text wpcf7-validates-as-required\" aria-required=\"true\" aria-invalid=\"false\" placeholder=\"Va\u0161e meno (povinn\u00e9)\" value=\"\" type=\"text\" name=\"your-name\" \/><\/span>\n<\/p>\n<p><span class=\"wpcf7-form-control-wrap\" data-name=\"your-email\"><input size=\"40\" maxlength=\"400\" class=\"wpcf7-form-control wpcf7-email wpcf7-validates-as-required wpcf7-text wpcf7-validates-as-email\" aria-required=\"true\" aria-invalid=\"false\" placeholder=\"V\u00e1\u0161 mail (povinn\u00e9)\" value=\"\" type=\"email\" name=\"your-email\" \/><\/span>\n<\/p>\n<p><span class=\"wpcf7-form-control-wrap\" data-name=\"your-subject\"><input size=\"40\" maxlength=\"400\" class=\"wpcf7-form-control wpcf7-text\" aria-invalid=\"false\" placeholder=\"Predmet\" value=\"\" type=\"text\" name=\"your-subject\" \/><\/span>\n<\/p>\n<p><span class=\"wpcf7-form-control-wrap\" data-name=\"your-message\"><textarea cols=\"40\" rows=\"10\" maxlength=\"2000\" class=\"wpcf7-form-control wpcf7-textarea\" aria-invalid=\"false\" placeholder=\"Va\u0161a spr\u00e1va\" name=\"your-message\"><\/textarea><\/span>\n<\/p>\n<p><input class=\"wpcf7-form-control wpcf7-submit has-spinner\" type=\"submit\" value=\"Odosla\u0165\" \/>\n<\/p><div class=\"wpcf7-response-output\" aria-hidden=\"true\"><\/div>\n<\/form>\n<\/div>\n[\/vc_column_inner][\/vc_row_inner][\/vc_column][\/vc_row]\n","protected":false},"excerpt":{"rendered":"<p>[vc_row css=&#8221;.vc_custom_1474628207718{padding-top: 80px !important;padding-bottom: 80px !important;background-color: #ffffff !important;}&#8221; background_style=&#8221;normal&#8221;][vc_column][vc_row_inner type=&#8221;boxed&#8221; css=&#8221;.vc_custom_1405608653609{padding-right: 8% !important;padding-left: 8% !important;}&#8221;][vc_column_inner][vc_icon icon_fontawesome=&#8221;fa fa-envelope&#8221; color=&#8221;custom&#8221; background_style=&#8221;rounded-outline&#8221; size=&#8221;xl&#8221; align=&#8221;center&#8221; custom_color=&#8221;#8cc640&#8243;][vc_column_text] Contact us anytime [\/vc_column_text][\/vc_column_inner][\/vc_row_inner][\/vc_column][\/vc_row][vc_row css=&#8221;.vc_custom_1405676078124{padding-top: 75px !important;padding-bottom: 75px !important;}&#8221; background_style=&#8221;normal&#8221;][vc_column][vc_row_inner type=&#8221;boxed&#8221;][vc_column_inner width=&#8221;1\/3&#8243; css=&#8221;.vc_custom_1405676470785{padding-right: 30px !important;}&#8221;][vc_column_text css=&#8221;.vc_custom_1450102053110{margin-top: -15px !important;margin-bottom: -15px !important;}&#8221;]Customer servis: +421 918 520 421 Monday &#8211; Friday: 8:00 &#8211; 18:00[\/vc_column_text][vc_column_text css=&#8221;.vc_custom_1450102132847{margin-bottom: -15px [&hellip;]<\/p>\n","protected":false},"author":1,"featured_media":0,"parent":0,"menu_order":0,"comment_status":"closed","ping_status":"closed","template":"","meta":{"footnotes":""},"class_list":["post-213","page","type-page","status-publish","hentry"],"yoast_head":"<!-- This site is optimized with the Yoast SEO plugin v27.4 - https:\/\/yoast.com\/product\/yoast-seo-wordpress\/ -->\n<title>Contact | TreeGuard<\/title>\n<meta name=\"robots\" content=\"index, follow, max-snippet:-1, max-image-preview:large, max-video-preview:-1\" \/>\n<link rel=\"canonical\" href=\"https:\/\/treeguard.eu\/en\/kontakt\/\" \/>\n<meta property=\"og:locale\" content=\"en_US\" \/>\n<meta property=\"og:type\" content=\"article\" \/>\n<meta property=\"og:title\" content=\"Contact | TreeGuard\" \/>\n<meta property=\"og:description\" content=\"[vc_row css=&#8221;.vc_custom_1474628207718{padding-top: 80px !important;padding-bottom: 80px !important;background-color: #ffffff !important;}&#8221; background_style=&#8221;normal&#8221;][vc_column][vc_row_inner type=&#8221;boxed&#8221; css=&#8221;.vc_custom_1405608653609{padding-right: 8% !important;padding-left: 8% !important;}&#8221;][vc_column_inner][vc_icon icon_fontawesome=&#8221;fa fa-envelope&#8221; color=&#8221;custom&#8221; background_style=&#8221;rounded-outline&#8221; size=&#8221;xl&#8221; align=&#8221;center&#8221; custom_color=&#8221;#8cc640&#8243;][vc_column_text] Contact us anytime [\/vc_column_text][\/vc_column_inner][\/vc_row_inner][\/vc_column][\/vc_row][vc_row css=&#8221;.vc_custom_1405676078124{padding-top: 75px !important;padding-bottom: 75px !important;}&#8221; background_style=&#8221;normal&#8221;][vc_column][vc_row_inner type=&#8221;boxed&#8221;][vc_column_inner width=&#8221;1\/3&#8243; css=&#8221;.vc_custom_1405676470785{padding-right: 30px !important;}&#8221;][vc_column_text css=&#8221;.vc_custom_1450102053110{margin-top: -15px !important;margin-bottom: -15px !important;}&#8221;]Customer servis: +421 918 520 421 Monday &#8211; Friday: 8:00 &#8211; 18:00[\/vc_column_text][vc_column_text css=&#8221;.vc_custom_1450102132847{margin-bottom: -15px [&hellip;]\" \/>\n<meta property=\"og:url\" content=\"https:\/\/treeguard.eu\/en\/kontakt\/\" \/>\n<meta property=\"og:site_name\" content=\"TreeGuard\" \/>\n<meta property=\"article:publisher\" content=\"https:\/\/www.facebook.com\/TreeGuard-1612859625639504\/\" \/>\n<meta property=\"article:modified_time\" content=\"2021-01-12T13:50:06+00:00\" \/>\n<meta name=\"twitter:card\" content=\"summary_large_image\" \/>\n<meta name=\"twitter:label1\" content=\"Est. reading time\" \/>\n\t<meta name=\"twitter:data1\" content=\"1 minute\" \/>\n<script type=\"application\/ld+json\" class=\"yoast-schema-graph\">{\"@context\":\"https:\\\/\\\/schema.org\",\"@graph\":[{\"@type\":\"WebPage\",\"@id\":\"https:\\\/\\\/treeguard.eu\\\/en\\\/kontakt\\\/\",\"url\":\"https:\\\/\\\/treeguard.eu\\\/en\\\/kontakt\\\/\",\"name\":\"Contact | TreeGuard\",\"isPartOf\":{\"@id\":\"https:\\\/\\\/treeguard.eu\\\/#website\"},\"datePublished\":\"2016-09-23T10:53:35+00:00\",\"dateModified\":\"2021-01-12T13:50:06+00:00\",\"breadcrumb\":{\"@id\":\"https:\\\/\\\/treeguard.eu\\\/en\\\/kontakt\\\/#breadcrumb\"},\"inLanguage\":\"en-US\",\"potentialAction\":[{\"@type\":\"ReadAction\",\"target\":[\"https:\\\/\\\/treeguard.eu\\\/en\\\/kontakt\\\/\"]}]},{\"@type\":\"BreadcrumbList\",\"@id\":\"https:\\\/\\\/treeguard.eu\\\/en\\\/kontakt\\\/#breadcrumb\",\"itemListElement\":[{\"@type\":\"ListItem\",\"position\":1,\"name\":\"Domovsk\u00e1 str\u00e1nka\",\"item\":\"https:\\\/\\\/treeguard.eu\\\/en\\\/\"},{\"@type\":\"ListItem\",\"position\":2,\"name\":\"Contact\"}]},{\"@type\":\"WebSite\",\"@id\":\"https:\\\/\\\/treeguard.eu\\\/#website\",\"url\":\"https:\\\/\\\/treeguard.eu\\\/\",\"name\":\"TreeGuard\",\"description\":\"Revolu\u010dn\u00fd prisp\u00f4sobite\u013en\u00fd chr\u00e1ni\u010d stromov, kr\u00edkov a st\u013apov pred burinou. Kosenie tr\u00e1vnika, \u00fadr\u017eba z\u00e1hrady jednoducho. Ochrana stromov u\u017e od v\u00fdsadby \u25ba Video\",\"potentialAction\":[{\"@type\":\"SearchAction\",\"target\":{\"@type\":\"EntryPoint\",\"urlTemplate\":\"https:\\\/\\\/treeguard.eu\\\/?s={search_term_string}\"},\"query-input\":{\"@type\":\"PropertyValueSpecification\",\"valueRequired\":true,\"valueName\":\"search_term_string\"}}],\"inLanguage\":\"en-US\"}]}<\/script>\n<!-- \/ Yoast SEO plugin. -->","yoast_head_json":{"title":"Contact | TreeGuard","robots":{"index":"index","follow":"follow","max-snippet":"max-snippet:-1","max-image-preview":"max-image-preview:large","max-video-preview":"max-video-preview:-1"},"canonical":"https:\/\/treeguard.eu\/en\/kontakt\/","og_locale":"en_US","og_type":"article","og_title":"Contact | TreeGuard","og_description":"[vc_row css=&#8221;.vc_custom_1474628207718{padding-top: 80px !important;padding-bottom: 80px !important;background-color: #ffffff !important;}&#8221; background_style=&#8221;normal&#8221;][vc_column][vc_row_inner type=&#8221;boxed&#8221; css=&#8221;.vc_custom_1405608653609{padding-right: 8% !important;padding-left: 8% !important;}&#8221;][vc_column_inner][vc_icon icon_fontawesome=&#8221;fa fa-envelope&#8221; color=&#8221;custom&#8221; background_style=&#8221;rounded-outline&#8221; size=&#8221;xl&#8221; align=&#8221;center&#8221; custom_color=&#8221;#8cc640&#8243;][vc_column_text] Contact us anytime [\/vc_column_text][\/vc_column_inner][\/vc_row_inner][\/vc_column][\/vc_row][vc_row css=&#8221;.vc_custom_1405676078124{padding-top: 75px !important;padding-bottom: 75px !important;}&#8221; background_style=&#8221;normal&#8221;][vc_column][vc_row_inner type=&#8221;boxed&#8221;][vc_column_inner width=&#8221;1\/3&#8243; css=&#8221;.vc_custom_1405676470785{padding-right: 30px !important;}&#8221;][vc_column_text css=&#8221;.vc_custom_1450102053110{margin-top: -15px !important;margin-bottom: -15px !important;}&#8221;]Customer servis: +421 918 520 421 Monday &#8211; Friday: 8:00 &#8211; 18:00[\/vc_column_text][vc_column_text css=&#8221;.vc_custom_1450102132847{margin-bottom: -15px [&hellip;]","og_url":"https:\/\/treeguard.eu\/en\/kontakt\/","og_site_name":"TreeGuard","article_publisher":"https:\/\/www.facebook.com\/TreeGuard-1612859625639504\/","article_modified_time":"2021-01-12T13:50:06+00:00","twitter_card":"summary_large_image","twitter_misc":{"Est. reading time":"1 minute"},"schema":{"@context":"https:\/\/schema.org","@graph":[{"@type":"WebPage","@id":"https:\/\/treeguard.eu\/en\/kontakt\/","url":"https:\/\/treeguard.eu\/en\/kontakt\/","name":"Contact | TreeGuard","isPartOf":{"@id":"https:\/\/treeguard.eu\/#website"},"datePublished":"2016-09-23T10:53:35+00:00","dateModified":"2021-01-12T13:50:06+00:00","breadcrumb":{"@id":"https:\/\/treeguard.eu\/en\/kontakt\/#breadcrumb"},"inLanguage":"en-US","potentialAction":[{"@type":"ReadAction","target":["https:\/\/treeguard.eu\/en\/kontakt\/"]}]},{"@type":"BreadcrumbList","@id":"https:\/\/treeguard.eu\/en\/kontakt\/#breadcrumb","itemListElement":[{"@type":"ListItem","position":1,"name":"Domovsk\u00e1 str\u00e1nka","item":"https:\/\/treeguard.eu\/en\/"},{"@type":"ListItem","position":2,"name":"Contact"}]},{"@type":"WebSite","@id":"https:\/\/treeguard.eu\/#website","url":"https:\/\/treeguard.eu\/","name":"TreeGuard","description":"Revolu\u010dn\u00fd prisp\u00f4sobite\u013en\u00fd chr\u00e1ni\u010d stromov, kr\u00edkov a st\u013apov pred burinou. Kosenie tr\u00e1vnika, \u00fadr\u017eba z\u00e1hrady jednoducho. Ochrana stromov u\u017e od v\u00fdsadby \u25ba Video","potentialAction":[{"@type":"SearchAction","target":{"@type":"EntryPoint","urlTemplate":"https:\/\/treeguard.eu\/?s={search_term_string}"},"query-input":{"@type":"PropertyValueSpecification","valueRequired":true,"valueName":"search_term_string"}}],"inLanguage":"en-US"}]}},"_links":{"self":[{"href":"https:\/\/treeguard.eu\/en\/wp-json\/wp\/v2\/pages\/213","targetHints":{"allow":["GET"]}}],"collection":[{"href":"https:\/\/treeguard.eu\/en\/wp-json\/wp\/v2\/pages"}],"about":[{"href":"https:\/\/treeguard.eu\/en\/wp-json\/wp\/v2\/types\/page"}],"author":[{"embeddable":true,"href":"https:\/\/treeguard.eu\/en\/wp-json\/wp\/v2\/users\/1"}],"replies":[{"embeddable":true,"href":"https:\/\/treeguard.eu\/en\/wp-json\/wp\/v2\/comments?post=213"}],"version-history":[{"count":3,"href":"https:\/\/treeguard.eu\/en\/wp-json\/wp\/v2\/pages\/213\/revisions"}],"predecessor-version":[{"id":2961,"href":"https:\/\/treeguard.eu\/en\/wp-json\/wp\/v2\/pages\/213\/revisions\/2961"}],"wp:attachment":[{"href":"https:\/\/treeguard.eu\/en\/wp-json\/wp\/v2\/media?parent=213"}],"curies":[{"name":"wp","href":"https:\/\/api.w.org\/{rel}","templated":true}]}}