{"id":1678,"date":"2016-09-23T12:53:35","date_gmt":"2016-09-23T10:53:35","guid":{"rendered":"https:\/\/treeguard.eu\/kontakt\/"},"modified":"2018-05-25T12:41:03","modified_gmt":"2018-05-25T10:41:03","slug":"kontakt","status":"publish","type":"page","link":"https:\/\/treeguard.eu\/de\/kontakt\/","title":{"rendered":"Kontakt"},"content":{"rendered":"[vc_row css=&#8220;.vc_custom_1474628207718{padding-top: 80px !important;padding-bottom: 80px !important;background-color: #ffffff !important;}&#8220; background_style=&#8220;normal&#8220;][vc_column][vc_row_inner type=&#8220;boxed&#8220; css=&#8220;.vc_custom_1405608653609{padding-right: 8% !important;padding-left: 8% !important;}&#8220;][vc_column_inner][vc_icon icon_fontawesome=&#8220;fa fa-envelope&#8220; color=&#8220;custom&#8220; background_style=&#8220;rounded-outline&#8220; size=&#8220;xl&#8220; align=&#8220;center&#8220; custom_color=&#8220;#8cc640&#8243;][vc_column_text]\n<h3 style=\"text-align: center;\"><span style=\"color: #8cc640;\">Kontaktieren Sie uns bitte jederzeit.<\/span><\/h3>\n[\/vc_column_text][\/vc_column_inner][\/vc_row_inner][\/vc_column][\/vc_row][vc_row css=&#8220;.vc_custom_1405676078124{padding-top: 75px !important;padding-bottom: 75px !important;}&#8220; background_style=&#8220;normal&#8220;][vc_column][vc_row_inner type=&#8220;boxed&#8220;][vc_column_inner width=&#8220;1\/3&#8243; css=&#8220;.vc_custom_1405676470785{padding-right: 30px !important;}&#8220;][vc_column_text css=&#8220;.vc_custom_1450102053110{margin-top: -15px !important;margin-bottom: -15px !important;}&#8220;]<strong>Kontakt:<\/strong><\/p>\n<p>Adri\u00e1n Avuk, MBA<\/p>\n<p>+421 918 520 421<\/p>\n<p>info@treeguard.eu<\/p>\n<p>Montag\u00a0&#8211; Freitag: 8:00 &#8211; 18:00[\/vc_column_text][vc_column_text css=&#8220;.vc_custom_1450102132847{margin-bottom: -15px !important;}&#8220;]<strong>Firmenanschrift:<\/strong><\/p>\n<p>TreeGuard s.r.o.<br \/>\n<span style=\"line-height: 1.5;\">Prievozsk\u00e1 4D, Blok E<br \/>\n821 09 Bratislava<br \/>\n<\/span><\/p>\n<p>ID-Nr. der Organisation: 51 280 205<br \/>\nDIC: 212 065 3854<br \/>\nUSt-IdNr.: SK212 065 3854<\/p>\n<p>Konto-Nummer: SK82 0900 0000 0051 3948 9595<br \/>\nSK4009000000000462675897<br \/>\nSlovensk\u00e1 sporite\u013e\u0148a[\/vc_column_text][\/vc_column_inner][vc_column_inner width=&#8220;2\/3&#8243;]\n<div class=\"wpcf7 no-js\" id=\"wpcf7-f1687-o1\" lang=\"sk-SK\" dir=\"ltr\" data-wpcf7-id=\"1687\">\n<div class=\"screen-reader-response\"><p role=\"status\" aria-live=\"polite\" aria-atomic=\"true\"><\/p> <ul><\/ul><\/div>\n<form action=\"\/de\/wp-json\/wp\/v2\/pages\/1678#wpcf7-f1687-o1\" method=\"post\" class=\"wpcf7-form init\" aria-label=\"Kontaktn\u00fd formul\u00e1r\" novalidate=\"novalidate\" data-status=\"init\">\n<fieldset class=\"hidden-fields-container\"><input type=\"hidden\" name=\"_wpcf7\" value=\"1687\" \/><input type=\"hidden\" name=\"_wpcf7_version\" value=\"6.1.5\" \/><input type=\"hidden\" name=\"_wpcf7_locale\" value=\"sk_SK\" \/><input type=\"hidden\" name=\"_wpcf7_unit_tag\" value=\"wpcf7-f1687-o1\" \/><input type=\"hidden\" name=\"_wpcf7_container_post\" value=\"0\" \/><input type=\"hidden\" name=\"_wpcf7_posted_data_hash\" value=\"\" \/>\n<\/fieldset>\n\n<p><span class=\"wpcf7-form-control-wrap\" data-name=\"your-name\"><input size=\"40\" maxlength=\"400\" class=\"wpcf7-form-control wpcf7-text wpcf7-validates-as-required\" aria-required=\"true\" aria-invalid=\"false\" placeholder=\"Ihr Name (Pflicht)\" value=\"\" type=\"text\" name=\"your-name\" \/><\/span>\n<\/p>\n<p><span class=\"wpcf7-form-control-wrap\" data-name=\"your-email\"><input size=\"40\" maxlength=\"400\" class=\"wpcf7-form-control wpcf7-email wpcf7-validates-as-required wpcf7-text wpcf7-validates-as-email\" aria-required=\"true\" aria-invalid=\"false\" placeholder=\"Ihre E-Mail (Pflicht)\" value=\"\" type=\"email\" name=\"your-email\" \/><\/span>\n<\/p>\n<p><span class=\"wpcf7-form-control-wrap\" data-name=\"your-subject\"><input size=\"40\" maxlength=\"400\" class=\"wpcf7-form-control wpcf7-text\" aria-invalid=\"false\" placeholder=\"Betreff\" value=\"\" type=\"text\" name=\"your-subject\" \/><\/span>\n<\/p>\n<p><span class=\"wpcf7-form-control-wrap\" data-name=\"your-message\"><textarea cols=\"40\" rows=\"10\" maxlength=\"2000\" class=\"wpcf7-form-control wpcf7-textarea\" aria-invalid=\"false\" placeholder=\"Ihre Nachricht\" name=\"your-message\"><\/textarea><\/span>\n<\/p>\n<p><input class=\"wpcf7-form-control wpcf7-submit has-spinner\" type=\"submit\" value=\"Senden\" \/>\n<\/p><div class=\"wpcf7-response-output\" aria-hidden=\"true\"><\/div>\n<\/form>\n<\/div>\n[\/vc_column_inner][\/vc_row_inner][\/vc_column][\/vc_row][vc_row][vc_column width=&#8220;1\/2&#8243;][vc_column_text]\n<h3>Lieferanschrift f\u00fcr Sendungen<\/h3>\n[\/vc_column_text][mk_divider style=&#8220;padding_space&#8220; margin_top=&#8220;10&#8243; margin_bottom=&#8220;10&#8243;][mk_table style=&#8220;style2&#8243;]\n<table width=\"100%\">\n<tbody>\n<tr>\n<td style=\"text-align: left;\"><strong>Firma:<\/strong><\/td>\n<td style=\"text-align: left;\">iSklad<\/td>\n<\/tr>\n<tr>\n<td style=\"text-align: left;\"><strong>Empf\u00e4nger:<\/strong><\/td>\n<td style=\"text-align: left;\">TreeGuard s.r.o.<\/td>\n<\/tr>\n<tr>\n<td style=\"text-align: left;\"><strong>Stra\u00dfe:<\/strong><\/td>\n<td style=\"text-align: left;\">Star\u00e1 Vajnorsk\u00e1 11\/19<\/td>\n<\/tr>\n<tr>\n<td style=\"text-align: left;\"><strong>PLZ und Ort:<\/strong><\/td>\n<td style=\"text-align: left;\">83104 Bratislava<\/td>\n<\/tr>\n<tr>\n<td style=\"text-align: left;\"><strong>Land:<\/strong><\/td>\n<td style=\"text-align: left;\">Slovakia<\/td>\n<\/tr>\n<tr>\n<td style=\"text-align: left;\"><strong>Kontakt:<\/strong><\/td>\n<td style=\"text-align: left;\">+421 918 624 728<\/td>\n<\/tr>\n<\/tbody>\n<\/table>\n[\/mk_table][\/vc_column][vc_column width=&#8220;1\/2&#8243;][vc_column_text]\n<h3>Lager &#8211; \u00d6ffnungszeiten<\/h3>\n[\/vc_column_text][mk_divider style=&#8220;padding_space&#8220; margin_top=&#8220;10&#8243; margin_bottom=&#8220;10&#8243;][mk_table style=&#8220;style2&#8243;]\n<table width=\"100%\">\n<tbody>\n<tr>\n<td style=\"text-align: left;\"><strong>Montag:<\/strong><\/td>\n<td style=\"text-align: left;\">06:00 &#8211; 18:00<\/td>\n<\/tr>\n<tr>\n<td style=\"text-align: left;\"><strong>Dienstag:<\/strong><\/td>\n<td style=\"text-align: left;\">06:00 &#8211; 18:00<\/td>\n<\/tr>\n<tr>\n<td style=\"text-align: left;\"><strong>Mittwoch:<\/strong><\/td>\n<td style=\"text-align: left;\">06:00 &#8211; 18:00<\/td>\n<\/tr>\n<tr>\n<td style=\"text-align: left;\"><strong>Donnerstag:<\/strong><\/td>\n<td style=\"text-align: left;\">06:00 &#8211; 18:00<\/td>\n<\/tr>\n<tr>\n<td style=\"text-align: left;\"><strong>Freitag:<\/strong><\/td>\n<td style=\"text-align: left;\">06:00 &#8211; 18:00<\/td>\n<\/tr>\n<tr>\n<td style=\"text-align: left;\"><strong>Samstag, Sonntag:<\/strong><\/td>\n<td style=\"text-align: left;\">geschlossen<\/td>\n<\/tr>\n<\/tbody>\n<\/table>\n[\/mk_table][\/vc_column][\/vc_row]\n","protected":false},"excerpt":{"rendered":"<p>[vc_row css=&#8220;.vc_custom_1474628207718{padding-top: 80px !important;padding-bottom: 80px !important;background-color: #ffffff !important;}&#8220; background_style=&#8220;normal&#8220;][vc_column][vc_row_inner type=&#8220;boxed&#8220; css=&#8220;.vc_custom_1405608653609{padding-right: 8% !important;padding-left: 8% !important;}&#8220;][vc_column_inner][vc_icon icon_fontawesome=&#8220;fa fa-envelope&#8220; color=&#8220;custom&#8220; background_style=&#8220;rounded-outline&#8220; size=&#8220;xl&#8220; align=&#8220;center&#8220; custom_color=&#8220;#8cc640&#8243;][vc_column_text] Kontaktieren Sie uns bitte jederzeit. [\/vc_column_text][\/vc_column_inner][\/vc_row_inner][\/vc_column][\/vc_row][vc_row css=&#8220;.vc_custom_1405676078124{padding-top: 75px !important;padding-bottom: 75px !important;}&#8220; background_style=&#8220;normal&#8220;][vc_column][vc_row_inner type=&#8220;boxed&#8220;][vc_column_inner width=&#8220;1\/3&#8243; css=&#8220;.vc_custom_1405676470785{padding-right: 30px !important;}&#8220;][vc_column_text css=&#8220;.vc_custom_1450102053110{margin-top: -15px !important;margin-bottom: -15px !important;}&#8220;]Kontakt: Adri\u00e1n Avuk, MBA +421 918 520 421 info@treeguard.eu Montag\u00a0&#8211; Freitag: 8:00 [&hellip;]<\/p>\n","protected":false},"author":1,"featured_media":0,"parent":0,"menu_order":0,"comment_status":"closed","ping_status":"closed","template":"","meta":{"footnotes":""},"class_list":["post-1678","page","type-page","status-publish","hentry"],"yoast_head":"<!-- This site is optimized with the Yoast SEO plugin v27.4 - https:\/\/yoast.com\/product\/yoast-seo-wordpress\/ -->\n<title>Kontakt | TreeGuard<\/title>\n<meta name=\"robots\" content=\"index, follow, max-snippet:-1, max-image-preview:large, max-video-preview:-1\" \/>\n<link rel=\"canonical\" href=\"https:\/\/treeguard.eu\/de\/kontakt\/\" \/>\n<meta property=\"og:locale\" content=\"de_DE\" \/>\n<meta property=\"og:type\" content=\"article\" \/>\n<meta property=\"og:title\" content=\"Kontakt | TreeGuard\" \/>\n<meta property=\"og:description\" content=\"[vc_row css=&#8220;.vc_custom_1474628207718{padding-top: 80px !important;padding-bottom: 80px !important;background-color: #ffffff !important;}&#8220; background_style=&#8220;normal&#8220;][vc_column][vc_row_inner type=&#8220;boxed&#8220; css=&#8220;.vc_custom_1405608653609{padding-right: 8% !important;padding-left: 8% !important;}&#8220;][vc_column_inner][vc_icon icon_fontawesome=&#8220;fa fa-envelope&#8220; color=&#8220;custom&#8220; background_style=&#8220;rounded-outline&#8220; size=&#8220;xl&#8220; align=&#8220;center&#8220; custom_color=&#8220;#8cc640&#8243;][vc_column_text] Kontaktieren Sie uns bitte jederzeit. [\/vc_column_text][\/vc_column_inner][\/vc_row_inner][\/vc_column][\/vc_row][vc_row css=&#8220;.vc_custom_1405676078124{padding-top: 75px !important;padding-bottom: 75px !important;}&#8220; background_style=&#8220;normal&#8220;][vc_column][vc_row_inner type=&#8220;boxed&#8220;][vc_column_inner width=&#8220;1\/3&#8243; css=&#8220;.vc_custom_1405676470785{padding-right: 30px !important;}&#8220;][vc_column_text css=&#8220;.vc_custom_1450102053110{margin-top: -15px !important;margin-bottom: -15px !important;}&#8220;]Kontakt: Adri\u00e1n Avuk, MBA +421 918 520 421 info@treeguard.eu Montag\u00a0&#8211; Freitag: 8:00 [&hellip;]\" \/>\n<meta property=\"og:url\" content=\"https:\/\/treeguard.eu\/de\/kontakt\/\" \/>\n<meta property=\"og:site_name\" content=\"TreeGuard\" \/>\n<meta property=\"article:publisher\" content=\"https:\/\/www.facebook.com\/TreeGuard-1612859625639504\/\" \/>\n<meta property=\"article:modified_time\" content=\"2018-05-25T10:41:03+00:00\" \/>\n<meta name=\"twitter:card\" content=\"summary_large_image\" \/>\n<meta name=\"twitter:label1\" content=\"Gesch\u00e4tzte Lesezeit\" \/>\n\t<meta name=\"twitter:data1\" content=\"1\u00a0Minute\" \/>\n<script type=\"application\/ld+json\" class=\"yoast-schema-graph\">{\"@context\":\"https:\\\/\\\/schema.org\",\"@graph\":[{\"@type\":\"WebPage\",\"@id\":\"https:\\\/\\\/treeguard.eu\\\/de\\\/kontakt\\\/\",\"url\":\"https:\\\/\\\/treeguard.eu\\\/de\\\/kontakt\\\/\",\"name\":\"Kontakt | TreeGuard\",\"isPartOf\":{\"@id\":\"https:\\\/\\\/treeguard.eu\\\/#website\"},\"datePublished\":\"2016-09-23T10:53:35+00:00\",\"dateModified\":\"2018-05-25T10:41:03+00:00\",\"breadcrumb\":{\"@id\":\"https:\\\/\\\/treeguard.eu\\\/de\\\/kontakt\\\/#breadcrumb\"},\"inLanguage\":\"de\",\"potentialAction\":[{\"@type\":\"ReadAction\",\"target\":[\"https:\\\/\\\/treeguard.eu\\\/de\\\/kontakt\\\/\"]}]},{\"@type\":\"BreadcrumbList\",\"@id\":\"https:\\\/\\\/treeguard.eu\\\/de\\\/kontakt\\\/#breadcrumb\",\"itemListElement\":[{\"@type\":\"ListItem\",\"position\":1,\"name\":\"Domovsk\u00e1 str\u00e1nka\",\"item\":\"https:\\\/\\\/treeguard.eu\\\/de\\\/\"},{\"@type\":\"ListItem\",\"position\":2,\"name\":\"Kontakt\"}]},{\"@type\":\"WebSite\",\"@id\":\"https:\\\/\\\/treeguard.eu\\\/#website\",\"url\":\"https:\\\/\\\/treeguard.eu\\\/\",\"name\":\"TreeGuard\",\"description\":\"Revolu\u010dn\u00fd prisp\u00f4sobite\u013en\u00fd chr\u00e1ni\u010d stromov, kr\u00edkov a st\u013apov pred burinou. Kosenie tr\u00e1vnika, \u00fadr\u017eba z\u00e1hrady jednoducho. Ochrana stromov u\u017e od v\u00fdsadby \u25ba Video\",\"potentialAction\":[{\"@type\":\"SearchAction\",\"target\":{\"@type\":\"EntryPoint\",\"urlTemplate\":\"https:\\\/\\\/treeguard.eu\\\/?s={search_term_string}\"},\"query-input\":{\"@type\":\"PropertyValueSpecification\",\"valueRequired\":true,\"valueName\":\"search_term_string\"}}],\"inLanguage\":\"de\"}]}<\/script>\n<!-- \/ Yoast SEO plugin. -->","yoast_head_json":{"title":"Kontakt | TreeGuard","robots":{"index":"index","follow":"follow","max-snippet":"max-snippet:-1","max-image-preview":"max-image-preview:large","max-video-preview":"max-video-preview:-1"},"canonical":"https:\/\/treeguard.eu\/de\/kontakt\/","og_locale":"de_DE","og_type":"article","og_title":"Kontakt | TreeGuard","og_description":"[vc_row css=&#8220;.vc_custom_1474628207718{padding-top: 80px !important;padding-bottom: 80px !important;background-color: #ffffff !important;}&#8220; background_style=&#8220;normal&#8220;][vc_column][vc_row_inner type=&#8220;boxed&#8220; css=&#8220;.vc_custom_1405608653609{padding-right: 8% !important;padding-left: 8% !important;}&#8220;][vc_column_inner][vc_icon icon_fontawesome=&#8220;fa fa-envelope&#8220; color=&#8220;custom&#8220; background_style=&#8220;rounded-outline&#8220; size=&#8220;xl&#8220; align=&#8220;center&#8220; custom_color=&#8220;#8cc640&#8243;][vc_column_text] Kontaktieren Sie uns bitte jederzeit. [\/vc_column_text][\/vc_column_inner][\/vc_row_inner][\/vc_column][\/vc_row][vc_row css=&#8220;.vc_custom_1405676078124{padding-top: 75px !important;padding-bottom: 75px !important;}&#8220; background_style=&#8220;normal&#8220;][vc_column][vc_row_inner type=&#8220;boxed&#8220;][vc_column_inner width=&#8220;1\/3&#8243; css=&#8220;.vc_custom_1405676470785{padding-right: 30px !important;}&#8220;][vc_column_text css=&#8220;.vc_custom_1450102053110{margin-top: -15px !important;margin-bottom: -15px !important;}&#8220;]Kontakt: Adri\u00e1n Avuk, MBA +421 918 520 421 info@treeguard.eu Montag\u00a0&#8211; Freitag: 8:00 [&hellip;]","og_url":"https:\/\/treeguard.eu\/de\/kontakt\/","og_site_name":"TreeGuard","article_publisher":"https:\/\/www.facebook.com\/TreeGuard-1612859625639504\/","article_modified_time":"2018-05-25T10:41:03+00:00","twitter_card":"summary_large_image","twitter_misc":{"Gesch\u00e4tzte Lesezeit":"1\u00a0Minute"},"schema":{"@context":"https:\/\/schema.org","@graph":[{"@type":"WebPage","@id":"https:\/\/treeguard.eu\/de\/kontakt\/","url":"https:\/\/treeguard.eu\/de\/kontakt\/","name":"Kontakt | TreeGuard","isPartOf":{"@id":"https:\/\/treeguard.eu\/#website"},"datePublished":"2016-09-23T10:53:35+00:00","dateModified":"2018-05-25T10:41:03+00:00","breadcrumb":{"@id":"https:\/\/treeguard.eu\/de\/kontakt\/#breadcrumb"},"inLanguage":"de","potentialAction":[{"@type":"ReadAction","target":["https:\/\/treeguard.eu\/de\/kontakt\/"]}]},{"@type":"BreadcrumbList","@id":"https:\/\/treeguard.eu\/de\/kontakt\/#breadcrumb","itemListElement":[{"@type":"ListItem","position":1,"name":"Domovsk\u00e1 str\u00e1nka","item":"https:\/\/treeguard.eu\/de\/"},{"@type":"ListItem","position":2,"name":"Kontakt"}]},{"@type":"WebSite","@id":"https:\/\/treeguard.eu\/#website","url":"https:\/\/treeguard.eu\/","name":"TreeGuard","description":"Revolu\u010dn\u00fd prisp\u00f4sobite\u013en\u00fd chr\u00e1ni\u010d stromov, kr\u00edkov a st\u013apov pred burinou. Kosenie tr\u00e1vnika, \u00fadr\u017eba z\u00e1hrady jednoducho. Ochrana stromov u\u017e od v\u00fdsadby \u25ba Video","potentialAction":[{"@type":"SearchAction","target":{"@type":"EntryPoint","urlTemplate":"https:\/\/treeguard.eu\/?s={search_term_string}"},"query-input":{"@type":"PropertyValueSpecification","valueRequired":true,"valueName":"search_term_string"}}],"inLanguage":"de"}]}},"_links":{"self":[{"href":"https:\/\/treeguard.eu\/de\/wp-json\/wp\/v2\/pages\/1678","targetHints":{"allow":["GET"]}}],"collection":[{"href":"https:\/\/treeguard.eu\/de\/wp-json\/wp\/v2\/pages"}],"about":[{"href":"https:\/\/treeguard.eu\/de\/wp-json\/wp\/v2\/types\/page"}],"author":[{"embeddable":true,"href":"https:\/\/treeguard.eu\/de\/wp-json\/wp\/v2\/users\/1"}],"replies":[{"embeddable":true,"href":"https:\/\/treeguard.eu\/de\/wp-json\/wp\/v2\/comments?post=1678"}],"version-history":[{"count":6,"href":"https:\/\/treeguard.eu\/de\/wp-json\/wp\/v2\/pages\/1678\/revisions"}],"predecessor-version":[{"id":1688,"href":"https:\/\/treeguard.eu\/de\/wp-json\/wp\/v2\/pages\/1678\/revisions\/1688"}],"wp:attachment":[{"href":"https:\/\/treeguard.eu\/de\/wp-json\/wp\/v2\/media?parent=1678"}],"curies":[{"name":"wp","href":"https:\/\/api.w.org\/{rel}","templated":true}]}}