{"id":799,"date":"2017-06-07T09:17:05","date_gmt":"2017-06-07T07:17:05","guid":{"rendered":"https:\/\/treeguard.eu\/galerie-jak-ochranit-strom-ker-sloup-a-jine-pred-plevelem\/"},"modified":"2017-06-07T09:17:05","modified_gmt":"2017-06-07T07:17:05","slug":"galerie-jak-ochranit-strom-ker-sloup-a-jine-pred-plevelem","status":"publish","type":"page","link":"https:\/\/treeguard.eu\/cs\/galerie-jak-ochranit-strom-ker-sloup-a-jine-pred-plevelem\/","title":{"rendered":"Galerie: Jak ochr\u00e1nit strom, ke\u0159, sloup a jin\u00e9 p\u0159ed plevelem"},"content":{"rendered":"[vc_row][vc_column][vc_masonry_media_grid style=&#8220;lazy&#8220; items_per_page=&#8220;4&#8243; element_width=&#8220;3&#8243; initial_loading_animation=&#8220;none&#8220; grid_id=&#8220;vc_gid:1477440081100-35a4cd0a-84c1-0&#8243; include=&#8220;419,417,415,413,411,409,407,405,403,401,399,397,395,393,391,389,387,385,383,381,379,377,375,373,371,369,367,365&#8243;][\/vc_column][\/vc_row]\n","protected":false},"excerpt":{"rendered":"<p>[vc_row][vc_column][vc_masonry_media_grid style=&#8220;lazy&#8220; items_per_page=&#8220;4&#8243; element_width=&#8220;3&#8243; initial_loading_animation=&#8220;none&#8220; grid_id=&#8220;vc_gid:1477440081100-35a4cd0a-84c1-0&#8243; include=&#8220;419,417,415,413,411,409,407,405,403,401,399,397,395,393,391,389,387,385,383,381,379,377,375,373,371,369,367,365&#8243;][\/vc_column][\/vc_row]<\/p>\n","protected":false},"author":1,"featured_media":0,"parent":0,"menu_order":0,"comment_status":"closed","ping_status":"closed","template":"","meta":{"footnotes":""},"class_list":["post-799","page","type-page","status-publish","hentry"],"yoast_head":"<!-- This site is optimized with the Yoast SEO plugin v27.4 - https:\/\/yoast.com\/product\/yoast-seo-wordpress\/ -->\n<title>Galerie: Jak ochr\u00e1nit strom, ke\u0159, sloup a jin\u00e9 p\u0159ed plevelem | TreeGuard<\/title>\n<meta name=\"robots\" content=\"index, follow, max-snippet:-1, max-image-preview:large, max-video-preview:-1\" \/>\n<link rel=\"canonical\" href=\"https:\/\/treeguard.eu\/cs\/galerie-jak-ochranit-strom-ker-sloup-a-jine-pred-plevelem\/\" \/>\n<meta property=\"og:locale\" content=\"cs_CZ\" \/>\n<meta property=\"og:type\" content=\"article\" \/>\n<meta property=\"og:title\" content=\"Galerie: Jak ochr\u00e1nit strom, ke\u0159, sloup a jin\u00e9 p\u0159ed plevelem | TreeGuard\" \/>\n<meta property=\"og:description\" content=\"[vc_row][vc_column][vc_masonry_media_grid style=&#8220;lazy&#8220; items_per_page=&#8220;4&#8243; element_width=&#8220;3&#8243; initial_loading_animation=&#8220;none&#8220; grid_id=&#8220;vc_gid:1477440081100-35a4cd0a-84c1-0&#8243; include=&#8220;419,417,415,413,411,409,407,405,403,401,399,397,395,393,391,389,387,385,383,381,379,377,375,373,371,369,367,365&#8243;][\/vc_column][\/vc_row]\" \/>\n<meta property=\"og:url\" content=\"https:\/\/treeguard.eu\/cs\/galerie-jak-ochranit-strom-ker-sloup-a-jine-pred-plevelem\/\" \/>\n<meta property=\"og:site_name\" content=\"TreeGuard\" \/>\n<meta property=\"article:publisher\" content=\"https:\/\/www.facebook.com\/TreeGuard-1612859625639504\/\" \/>\n<meta name=\"twitter:card\" content=\"summary_large_image\" \/>\n<script type=\"application\/ld+json\" class=\"yoast-schema-graph\">{\"@context\":\"https:\\\/\\\/schema.org\",\"@graph\":[{\"@type\":\"WebPage\",\"@id\":\"https:\\\/\\\/treeguard.eu\\\/cs\\\/galerie-jak-ochranit-strom-ker-sloup-a-jine-pred-plevelem\\\/\",\"url\":\"https:\\\/\\\/treeguard.eu\\\/cs\\\/galerie-jak-ochranit-strom-ker-sloup-a-jine-pred-plevelem\\\/\",\"name\":\"Galerie: Jak ochr\u00e1nit strom, ke\u0159, sloup a jin\u00e9 p\u0159ed plevelem | TreeGuard\",\"isPartOf\":{\"@id\":\"https:\\\/\\\/treeguard.eu\\\/#website\"},\"datePublished\":\"2017-06-07T07:17:05+00:00\",\"breadcrumb\":{\"@id\":\"https:\\\/\\\/treeguard.eu\\\/cs\\\/galerie-jak-ochranit-strom-ker-sloup-a-jine-pred-plevelem\\\/#breadcrumb\"},\"inLanguage\":\"cs\",\"potentialAction\":[{\"@type\":\"ReadAction\",\"target\":[\"https:\\\/\\\/treeguard.eu\\\/cs\\\/galerie-jak-ochranit-strom-ker-sloup-a-jine-pred-plevelem\\\/\"]}]},{\"@type\":\"BreadcrumbList\",\"@id\":\"https:\\\/\\\/treeguard.eu\\\/cs\\\/galerie-jak-ochranit-strom-ker-sloup-a-jine-pred-plevelem\\\/#breadcrumb\",\"itemListElement\":[{\"@type\":\"ListItem\",\"position\":1,\"name\":\"Domovsk\u00e1 str\u00e1nka\",\"item\":\"https:\\\/\\\/treeguard.eu\\\/cs\\\/\"},{\"@type\":\"ListItem\",\"position\":2,\"name\":\"Galerie: Jak ochr\u00e1nit strom, ke\u0159, sloup a jin\u00e9 p\u0159ed plevelem\"}]},{\"@type\":\"WebSite\",\"@id\":\"https:\\\/\\\/treeguard.eu\\\/#website\",\"url\":\"https:\\\/\\\/treeguard.eu\\\/\",\"name\":\"TreeGuard\",\"description\":\"Revolu\u010dn\u00fd prisp\u00f4sobite\u013en\u00fd chr\u00e1ni\u010d stromov, kr\u00edkov a st\u013apov pred burinou. Kosenie tr\u00e1vnika, \u00fadr\u017eba z\u00e1hrady jednoducho. Ochrana stromov u\u017e od v\u00fdsadby \u25ba Video\",\"potentialAction\":[{\"@type\":\"SearchAction\",\"target\":{\"@type\":\"EntryPoint\",\"urlTemplate\":\"https:\\\/\\\/treeguard.eu\\\/?s={search_term_string}\"},\"query-input\":{\"@type\":\"PropertyValueSpecification\",\"valueRequired\":true,\"valueName\":\"search_term_string\"}}],\"inLanguage\":\"cs\"}]}<\/script>\n<!-- \/ Yoast SEO plugin. -->","yoast_head_json":{"title":"Galerie: Jak ochr\u00e1nit strom, ke\u0159, sloup a jin\u00e9 p\u0159ed plevelem | TreeGuard","robots":{"index":"index","follow":"follow","max-snippet":"max-snippet:-1","max-image-preview":"max-image-preview:large","max-video-preview":"max-video-preview:-1"},"canonical":"https:\/\/treeguard.eu\/cs\/galerie-jak-ochranit-strom-ker-sloup-a-jine-pred-plevelem\/","og_locale":"cs_CZ","og_type":"article","og_title":"Galerie: Jak ochr\u00e1nit strom, ke\u0159, sloup a jin\u00e9 p\u0159ed plevelem | TreeGuard","og_description":"[vc_row][vc_column][vc_masonry_media_grid style=&#8220;lazy&#8220; items_per_page=&#8220;4&#8243; element_width=&#8220;3&#8243; initial_loading_animation=&#8220;none&#8220; grid_id=&#8220;vc_gid:1477440081100-35a4cd0a-84c1-0&#8243; include=&#8220;419,417,415,413,411,409,407,405,403,401,399,397,395,393,391,389,387,385,383,381,379,377,375,373,371,369,367,365&#8243;][\/vc_column][\/vc_row]","og_url":"https:\/\/treeguard.eu\/cs\/galerie-jak-ochranit-strom-ker-sloup-a-jine-pred-plevelem\/","og_site_name":"TreeGuard","article_publisher":"https:\/\/www.facebook.com\/TreeGuard-1612859625639504\/","twitter_card":"summary_large_image","schema":{"@context":"https:\/\/schema.org","@graph":[{"@type":"WebPage","@id":"https:\/\/treeguard.eu\/cs\/galerie-jak-ochranit-strom-ker-sloup-a-jine-pred-plevelem\/","url":"https:\/\/treeguard.eu\/cs\/galerie-jak-ochranit-strom-ker-sloup-a-jine-pred-plevelem\/","name":"Galerie: Jak ochr\u00e1nit strom, ke\u0159, sloup a jin\u00e9 p\u0159ed plevelem | TreeGuard","isPartOf":{"@id":"https:\/\/treeguard.eu\/#website"},"datePublished":"2017-06-07T07:17:05+00:00","breadcrumb":{"@id":"https:\/\/treeguard.eu\/cs\/galerie-jak-ochranit-strom-ker-sloup-a-jine-pred-plevelem\/#breadcrumb"},"inLanguage":"cs","potentialAction":[{"@type":"ReadAction","target":["https:\/\/treeguard.eu\/cs\/galerie-jak-ochranit-strom-ker-sloup-a-jine-pred-plevelem\/"]}]},{"@type":"BreadcrumbList","@id":"https:\/\/treeguard.eu\/cs\/galerie-jak-ochranit-strom-ker-sloup-a-jine-pred-plevelem\/#breadcrumb","itemListElement":[{"@type":"ListItem","position":1,"name":"Domovsk\u00e1 str\u00e1nka","item":"https:\/\/treeguard.eu\/cs\/"},{"@type":"ListItem","position":2,"name":"Galerie: Jak ochr\u00e1nit strom, ke\u0159, sloup a jin\u00e9 p\u0159ed plevelem"}]},{"@type":"WebSite","@id":"https:\/\/treeguard.eu\/#website","url":"https:\/\/treeguard.eu\/","name":"TreeGuard","description":"Revolu\u010dn\u00fd prisp\u00f4sobite\u013en\u00fd chr\u00e1ni\u010d stromov, kr\u00edkov a st\u013apov pred burinou. Kosenie tr\u00e1vnika, \u00fadr\u017eba z\u00e1hrady jednoducho. Ochrana stromov u\u017e od v\u00fdsadby \u25ba Video","potentialAction":[{"@type":"SearchAction","target":{"@type":"EntryPoint","urlTemplate":"https:\/\/treeguard.eu\/?s={search_term_string}"},"query-input":{"@type":"PropertyValueSpecification","valueRequired":true,"valueName":"search_term_string"}}],"inLanguage":"cs"}]}},"_links":{"self":[{"href":"https:\/\/treeguard.eu\/cs\/wp-json\/wp\/v2\/pages\/799","targetHints":{"allow":["GET"]}}],"collection":[{"href":"https:\/\/treeguard.eu\/cs\/wp-json\/wp\/v2\/pages"}],"about":[{"href":"https:\/\/treeguard.eu\/cs\/wp-json\/wp\/v2\/types\/page"}],"author":[{"embeddable":true,"href":"https:\/\/treeguard.eu\/cs\/wp-json\/wp\/v2\/users\/1"}],"replies":[{"embeddable":true,"href":"https:\/\/treeguard.eu\/cs\/wp-json\/wp\/v2\/comments?post=799"}],"version-history":[{"count":1,"href":"https:\/\/treeguard.eu\/cs\/wp-json\/wp\/v2\/pages\/799\/revisions"}],"predecessor-version":[{"id":800,"href":"https:\/\/treeguard.eu\/cs\/wp-json\/wp\/v2\/pages\/799\/revisions\/800"}],"wp:attachment":[{"href":"https:\/\/treeguard.eu\/cs\/wp-json\/wp\/v2\/media?parent=799"}],"curies":[{"name":"wp","href":"https:\/\/api.w.org\/{rel}","templated":true}]}}