{"id":652,"date":"2017-05-24T17:45:02","date_gmt":"2017-05-24T15:45:02","guid":{"rendered":"https:\/\/treeguard.eu\/treeguard-ochrana-stromu-jednoduche-sekani\/"},"modified":"2018-03-01T10:47:38","modified_gmt":"2018-03-01T08:47:38","slug":"treeguard-ochrana-stromu-jednoduche-sekani","status":"publish","type":"page","link":"https:\/\/treeguard.eu\/cs\/","title":{"rendered":"TreeGuard &#8211; Ochrana stromu &#8211; jednoduch\u00e9 sek\u00e1n\u00ed"},"content":{"rendered":"[vc_row equal_columns=&#8220;true&#8220;][vc_column width=&#8220;1\/2&#8243; css=&#8220;.vc_custom_1498484984177{padding-right: 3% !important;padding-left: 3% !important;}&#8220; offset=&#8220;vc_col-sm-offset-0&#8243;][mk_divider style=&#8220;padding_space&#8220; margin_top=&#8220;40&#8243; margin_bottom=&#8220;40&#8243;][vc_column_text]\n<h1 style=\"text-align: center; font-size: 60px; line-height: 80px;\">TreeGuard\u00ae<\/h1>\n<p style=\"text-align: center; font-size: 28px;\">Revolu\u010dn\u00ed ochrana strom\u016f.<\/p>\n[\/vc_column_text][mk_divider style=&#8220;padding_space&#8220;][mk_button_gradient dimension=&#8220;flat&#8220; size=&#8220;large&#8220; corner_style=&#8220;full_rounded&#8220; grandient_color_from=&#8220;#9ae554&#8243; grandient_color_to=&#8220;#8cc640&#8243; grandient_color_angle=&#8220;diagonal_left_bottom&#8220; grandient_color_fallback=&#8220;#8cc640&#8243; url=&#8220;https:\/\/treeguard.eu\/cs\/o-produktu&#8220; align=&#8220;center&#8220;]V\u00edce o produktu[\/mk_button_gradient][\/vc_column][vc_column width=&#8220;1\/2&#8243; offset=&#8220;vc_col-sm-offset-0&#8243;][mk_divider style=&#8220;padding_space&#8220;][vc_video link=&#8220;https:\/\/www.youtube.com\/watch?v=5a7YF1aoMnU&#8220;][mk_divider style=&#8220;padding_space&#8220; margin_bottom=&#8220;10&#8243;][\/vc_column][\/vc_row][vc_row fullwidth=&#8220;true&#8220; fullwidth_content=&#8220;false&#8220; equal_columns=&#8220;true&#8220; attached=&#8220;true&#8220; css=&#8220;.vc_custom_1498466619780{padding-top: 50px !important;padding-bottom: 50px !important;background-color: #f2f2f2 !important;background-position: 0 0 !important;background-repeat: repeat !important;}&#8220;][vc_column width=&#8220;1\/4&#8243;][vc_single_image image=&#8220;44&#8243; img_size=&#8220;200&#215;200&#8243; alignment=&#8220;center&#8220; style=&#8220;vc_box_circle_2&#8243; el_class=&#8220;tgborder&#8220;][mk_divider style=&#8220;padding_space&#8220; margin_top=&#8220;10&#8243; margin_bottom=&#8220;10&#8243;][vc_column_text align=&#8220;center&#8220;]\n<h4 style=\"text-align: center;\">Zabra\u0148uje<br \/>\nzatrav\u0148ov\u00e1n\u00ed<\/h4>\n[\/vc_column_text][mk_divider style=&#8220;padding_space&#8220;][\/vc_column][vc_column width=&#8220;1\/4&#8243;][vc_single_image image=&#8220;43&#8243; img_size=&#8220;200&#215;200&#8243; alignment=&#8220;center&#8220; style=&#8220;vc_box_circle_2&#8243; el_class=&#8220;tgborder&#8220;][mk_divider style=&#8220;padding_space&#8220; margin_top=&#8220;10&#8243; margin_bottom=&#8220;10&#8243;][vc_column_text align=&#8220;center&#8220;]\n<h4 style=\"text-align: center;\">P\u0159izp\u016fsobiteln\u00fd<br \/>\npr\u016fm\u011br<\/h4>\n[\/vc_column_text][mk_divider style=&#8220;padding_space&#8220;][\/vc_column][vc_column width=&#8220;1\/4&#8243;][vc_single_image image=&#8220;42&#8243; img_size=&#8220;200&#215;200&#8243; alignment=&#8220;center&#8220; style=&#8220;vc_box_circle_2&#8243; el_class=&#8220;tgborder&#8220;][mk_divider style=&#8220;padding_space&#8220; margin_top=&#8220;10&#8243; margin_bottom=&#8220;10&#8243;][vc_column_text align=&#8220;center&#8220;]\n<h4 style=\"text-align: center;\">Chr\u00e1n\u00ed zdrav\u00ed<br \/>\nstromu<\/h4>\n[\/vc_column_text][mk_divider style=&#8220;padding_space&#8220;][\/vc_column][vc_column width=&#8220;1\/4&#8243;][vc_single_image image=&#8220;41&#8243; img_size=&#8220;200&#215;200&#8243; alignment=&#8220;center&#8220; style=&#8220;vc_box_circle_2&#8243; el_class=&#8220;tgborder&#8220;][mk_divider style=&#8220;padding_space&#8220; margin_top=&#8220;10&#8243; margin_bottom=&#8220;10&#8243;][vc_column_text align=&#8220;center&#8220;]\n<h4 style=\"text-align: center;\">Zlep\u0161uje estetiku<br \/>\nzahrady<\/h4>\n[\/vc_column_text][mk_divider style=&#8220;padding_space&#8220;][\/vc_column][\/vc_row][vc_row fullwidth=&#8220;true&#8220; css=&#8220;.vc_custom_1498466688698{background-color: #f2f2f2 !important;}&#8220;][vc_column][mk_button_gradient dimension=&#8220;flat&#8220; size=&#8220;large&#8220; corner_style=&#8220;full_rounded&#8220; grandient_color_from=&#8220;#9ae554&#8243; grandient_color_to=&#8220;#8cc640&#8243; grandient_color_angle=&#8220;diagonal_left_bottom&#8220; grandient_color_fallback=&#8220;#8cc640&#8243; url=&#8220;https:\/\/treeguard.eu\/cs\/prodej\/treeguard-chranic-stromu-cz\/&#8220; align=&#8220;center&#8220; margin_bottom=&#8220;0&#8243; margin_right=&#8220;0&#8243;]Koupit produkt[\/mk_button_gradient][\/vc_column][vc_column][mk_divider style=&#8220;padding_space&#8220; margin_top=&#8220;30&#8243; margin_bottom=&#8220;30&#8243;][\/vc_column][\/vc_row][vc_row][vc_column][mk_divider style=&#8220;padding_space&#8220; margin_top=&#8220;30&#8243; margin_bottom=&#8220;30&#8243;][\/vc_column][\/vc_row][vc_row equal_columns=&#8220;true&#8220;][vc_column width=&#8220;1\/2&#8243; css=&#8220;.vc_custom_1497864476933{padding-right: 3% !important;padding-left: 3% !important;}&#8220;][mk_divider style=&#8220;padding_space&#8220;][vc_video link=&#8220;https:\/\/www.youtube.com\/watch?v=V6-fZa-Qqf0&#8243;][\/vc_column][vc_column width=&#8220;1\/2&#8243;][mk_divider style=&#8220;padding_space&#8220; margin_top=&#8220;60&#8243;][vc_column_text]\n<h2 style=\"text-align: center;\">Rady do zahrady. Nechte si poradit.<\/h2>\n<p style=\"text-align: center;\">Jedin\u011b s TreeGuard jsou Va\u0161e zahradnick\u00e9 pot\u0159eby kompletn\u00ed. Myslete na na\u0161e 100% ov\u011b\u0159en\u00e9 rady do zahrady, myslete na budoucnost Va\u0161\u00ed zahrady.<\/p>\n<p style=\"text-align: center;\">TreeGuard. Va\u0161e stromy se V\u00e1m pod\u011bkuj\u00ed.<\/p>\n[\/vc_column_text][mk_divider style=&#8220;padding_space&#8220; margin_top=&#8220;60&#8243;][mk_button_gradient dimension=&#8220;flat&#8220; size=&#8220;large&#8220; corner_style=&#8220;full_rounded&#8220; grandient_color_from=&#8220;#9ae554&#8243; grandient_color_to=&#8220;#8cc640&#8243; grandient_color_angle=&#8220;diagonal_left_bottom&#8220; grandient_color_fallback=&#8220;#8cc640&#8243; url=&#8220;https:\/\/treeguard.eu\/cs\/kontakt\/&#8220; align=&#8220;center&#8220; margin_bottom=&#8220;0&#8243; margin_right=&#8220;0&#8243;]Kontaktujte n\u00e1s[\/mk_button_gradient][\/vc_column][\/vc_row][vc_row][vc_column][mk_divider style=&#8220;padding_space&#8220; margin_top=&#8220;60&#8243;][\/vc_column][\/vc_row][vc_row fullwidth=&#8220;true&#8220; fullwidth_content=&#8220;false&#8220; equal_columns=&#8220;true&#8220; css=&#8220;.vc_custom_1498813594243{background-color: #f2f2f2 !important;}&#8220;][vc_column blend_mode=&#8220;darken&#8220; width=&#8220;2\/3&#8243; css=&#8220;.vc_custom_1497864523782{padding-right: 3% !important;padding-left: 3% !important;}&#8220;][mk_divider style=&#8220;padding_space&#8220;][vc_column_text]\n<p style=\"font-size: 22px; text-align: center;\">U\u017e pou\u017e\u00edv\u00e1te TreeGuard, ale p\u0159ece <strong>pot\u0159ebujete pomoci?<\/strong><\/p>\n[\/vc_column_text][mk_divider style=&#8220;padding_space&#8220; margin_top=&#8220;15&#8243;][\/vc_column][vc_column width=&#8220;1\/3&#8243; el_class=&#8220;tacenter&#8220;][mk_divider style=&#8220;padding_space&#8220; margin_top=&#8220;16&#8243;][mk_button_gradient dimension=&#8220;flat&#8220; size=&#8220;large&#8220; corner_style=&#8220;full_rounded&#8220; grandient_color_from=&#8220;#9ae554&#8243; grandient_color_to=&#8220;#8cc640&#8243; grandient_color_angle=&#8220;diagonal_left_bottom&#8220; grandient_color_fallback=&#8220;#8cc640&#8243; url=&#8220;https:\/\/treeguard.eu\/manual\/&#8220; margin_right=&#8220;0&#8243;]P\u0159e\u010d\u00edst manu\u00e1l[\/mk_button_gradient][mk_divider style=&#8220;padding_space&#8220; margin_top=&#8220;16&#8243;][\/vc_column][\/vc_row][vc_row equal_columns=&#8220;true&#8220;][vc_column width=&#8220;1\/2&#8243; css=&#8220;.vc_custom_1497511031915{padding-right: 3% !important;padding-left: 3% !important;}&#8220;][mk_divider style=&#8220;padding_space&#8220; margin_top=&#8220;60&#8243;][mk_divider style=&#8220;padding_space&#8220;][vc_column_text]\n<h2 style=\"text-align: center;\">Oni u\u017e v\u011bd\u00ed pro\u010d<\/h2>\n[\/vc_column_text][vc_tabs style=&#8220;simple&#8220; container_bg_color=&#8220;#ffffff&#8220;][vc_tab title=&#8220;Luk\u00e1\u0161&#8220; tab_id=&#8220;1497509479-1-61&#8243;][vc_column_text]<span style=\"font-size: 20px;\">\u201eKone\u010dn\u011b se u\u017e nemus\u00edm b\u00e1t, \u017ee zni\u010d\u00edm sv\u00e9 stromy.\u201c<\/span>[\/vc_column_text][\/vc_tab][vc_tab title=&#8220;Martin&#8220; tab_id=&#8220;1497509479-2-83&#8243;][vc_column_text]<span style=\"font-size: 20px;\">\u201ePerfektn\u00ed! P\u0159esn\u011b tohle mi chyb\u011blo v zahrad\u011b. Jednoduch\u00e9, estetick\u00e9 a u\u017e nemus\u00edm ru\u010dn\u011b vytrh\u00e1vat tr\u00e1vu.\u201c<\/span>[\/vc_column_text][\/vc_tab][\/vc_tabs][\/vc_column][vc_column width=&#8220;1\/2&#8243;][mk_divider style=&#8220;padding_space&#8220;][vc_single_image image=&#8220;1039&#8243; img_size=&#8220;762&#215;428&#8243; alignment=&#8220;right&#8220;][mk_divider style=&#8220;padding_space&#8220;][\/vc_column][\/vc_row]\n","protected":false},"excerpt":{"rendered":"<p>[vc_row equal_columns=&#8220;true&#8220;][vc_column width=&#8220;1\/2&#8243; css=&#8220;.vc_custom_1498484984177{padding-right: 3% !important;padding-left: 3% !important;}&#8220; offset=&#8220;vc_col-sm-offset-0&#8243;][mk_divider style=&#8220;padding_space&#8220; margin_top=&#8220;40&#8243; margin_bottom=&#8220;40&#8243;][vc_column_text] TreeGuard\u00ae Revolu\u010dn\u00ed ochrana strom\u016f. [\/vc_column_text][mk_divider style=&#8220;padding_space&#8220;][mk_button_gradient dimension=&#8220;flat&#8220; size=&#8220;large&#8220; corner_style=&#8220;full_rounded&#8220; grandient_color_from=&#8220;#9ae554&#8243; grandient_color_to=&#8220;#8cc640&#8243; grandient_color_angle=&#8220;diagonal_left_bottom&#8220; grandient_color_fallback=&#8220;#8cc640&#8243; url=&#8220;https:\/\/treeguard.eu\/cs\/o-produktu&#8220; align=&#8220;center&#8220;]V\u00edce o produktu[\/mk_button_gradient][\/vc_column][vc_column width=&#8220;1\/2&#8243; offset=&#8220;vc_col-sm-offset-0&#8243;][mk_divider style=&#8220;padding_space&#8220;][vc_video link=&#8220;https:\/\/www.youtube.com\/watch?v=5a7YF1aoMnU&#8220;][mk_divider style=&#8220;padding_space&#8220; margin_bottom=&#8220;10&#8243;][\/vc_column][\/vc_row][vc_row fullwidth=&#8220;true&#8220; fullwidth_content=&#8220;false&#8220; equal_columns=&#8220;true&#8220; attached=&#8220;true&#8220; css=&#8220;.vc_custom_1498466619780{padding-top: 50px !important;padding-bottom: 50px !important;background-color: #f2f2f2 !important;background-position: 0 0 !important;background-repeat: repeat !important;}&#8220;][vc_column width=&#8220;1\/4&#8243;][vc_single_image image=&#8220;44&#8243; img_size=&#8220;200&#215;200&#8243; alignment=&#8220;center&#8220; [&hellip;]<\/p>\n","protected":false},"author":1,"featured_media":0,"parent":0,"menu_order":0,"comment_status":"closed","ping_status":"closed","template":"","meta":{"footnotes":""},"class_list":["post-652","page","type-page","status-publish","hentry"],"yoast_head":"<!-- This site is optimized with the Yoast SEO plugin v27.4 - https:\/\/yoast.com\/product\/yoast-seo-wordpress\/ -->\n<title>Ochrana strom\u016f, ke\u0159e - Rychl\u00e9 sek\u00e1n\u00ed tr\u00e1vn\u00edku | Treeguard \u00ae<\/title>\n<meta name=\"description\" content=\"Revolu\u010dn\u00ed p\u0159izp\u016fsobiteln\u00fd chr\u00e1ni\u010d strom\u016f, ke\u0159\u016f a sloup\u016f p\u0159ed plevelem. Sek\u00e1n\u00ed tr\u00e1vn\u00edku, \u00fadr\u017eba zahrady jednodu\u0161e. Ochrana strom\u016f ji\u017e od v\u00fdsadby \u25ba Video\" \/>\n<meta name=\"robots\" content=\"index, follow, max-snippet:-1, max-image-preview:large, max-video-preview:-1\" \/>\n<link rel=\"canonical\" href=\"https:\/\/treeguard.eu\/cs\/\" \/>\n<meta property=\"og:locale\" content=\"cs_CZ\" \/>\n<meta property=\"og:type\" content=\"article\" \/>\n<meta property=\"og:title\" content=\"Ochrana strom\u016f, ke\u0159e - Rychl\u00e9 sek\u00e1n\u00ed tr\u00e1vn\u00edku | Treeguard \u00ae\" \/>\n<meta property=\"og:description\" content=\"Revolu\u010dn\u00ed p\u0159izp\u016fsobiteln\u00fd chr\u00e1ni\u010d strom\u016f, ke\u0159\u016f a sloup\u016f p\u0159ed plevelem. Sek\u00e1n\u00ed tr\u00e1vn\u00edku, \u00fadr\u017eba zahrady jednodu\u0161e. Ochrana strom\u016f ji\u017e od v\u00fdsadby \u25ba Video\" \/>\n<meta property=\"og:url\" content=\"https:\/\/treeguard.eu\/cs\/\" \/>\n<meta property=\"og:site_name\" content=\"TreeGuard\" \/>\n<meta property=\"article:publisher\" content=\"https:\/\/www.facebook.com\/TreeGuard-1612859625639504\/\" \/>\n<meta property=\"article:modified_time\" content=\"2018-03-01T08:47:38+00:00\" \/>\n<meta name=\"twitter:card\" content=\"summary_large_image\" \/>\n<meta name=\"twitter:label1\" content=\"Odhadovan\u00e1 doba \u010dten\u00ed\" \/>\n\t<meta name=\"twitter:data1\" content=\"4 minuty\" \/>\n<script type=\"application\/ld+json\" class=\"yoast-schema-graph\">{\"@context\":\"https:\\\/\\\/schema.org\",\"@graph\":[{\"@type\":\"WebPage\",\"@id\":\"https:\\\/\\\/treeguard.eu\\\/cs\\\/\",\"url\":\"https:\\\/\\\/treeguard.eu\\\/cs\\\/\",\"name\":\"Ochrana strom\u016f, ke\u0159e - Rychl\u00e9 sek\u00e1n\u00ed tr\u00e1vn\u00edku | Treeguard \u00ae\",\"isPartOf\":{\"@id\":\"https:\\\/\\\/treeguard.eu\\\/#website\"},\"datePublished\":\"2017-05-24T15:45:02+00:00\",\"dateModified\":\"2018-03-01T08:47:38+00:00\",\"description\":\"Revolu\u010dn\u00ed p\u0159izp\u016fsobiteln\u00fd chr\u00e1ni\u010d strom\u016f, ke\u0159\u016f a sloup\u016f p\u0159ed plevelem. Sek\u00e1n\u00ed tr\u00e1vn\u00edku, \u00fadr\u017eba zahrady jednodu\u0161e. Ochrana strom\u016f ji\u017e od v\u00fdsadby \u25ba Video\",\"breadcrumb\":{\"@id\":\"https:\\\/\\\/treeguard.eu\\\/cs\\\/#breadcrumb\"},\"inLanguage\":\"cs\",\"potentialAction\":[{\"@type\":\"ReadAction\",\"target\":[\"https:\\\/\\\/treeguard.eu\\\/cs\\\/\"]}]},{\"@type\":\"BreadcrumbList\",\"@id\":\"https:\\\/\\\/treeguard.eu\\\/cs\\\/#breadcrumb\",\"itemListElement\":[{\"@type\":\"ListItem\",\"position\":1,\"name\":\"Domovsk\u00e1 str\u00e1nka\",\"item\":\"https:\\\/\\\/treeguard.eu\\\/cs\\\/\"},{\"@type\":\"ListItem\",\"position\":2,\"name\":\"TreeGuard &#8211; Ochrana stromu &#8211; jednoduch\u00e9 sek\u00e1n\u00ed\"}]},{\"@type\":\"WebSite\",\"@id\":\"https:\\\/\\\/treeguard.eu\\\/#website\",\"url\":\"https:\\\/\\\/treeguard.eu\\\/\",\"name\":\"TreeGuard\",\"description\":\"Revolu\u010dn\u00fd prisp\u00f4sobite\u013en\u00fd chr\u00e1ni\u010d stromov, kr\u00edkov a st\u013apov pred burinou. Kosenie tr\u00e1vnika, \u00fadr\u017eba z\u00e1hrady jednoducho. Ochrana stromov u\u017e od v\u00fdsadby \u25ba Video\",\"potentialAction\":[{\"@type\":\"SearchAction\",\"target\":{\"@type\":\"EntryPoint\",\"urlTemplate\":\"https:\\\/\\\/treeguard.eu\\\/?s={search_term_string}\"},\"query-input\":{\"@type\":\"PropertyValueSpecification\",\"valueRequired\":true,\"valueName\":\"search_term_string\"}}],\"inLanguage\":\"cs\"}]}<\/script>\n<!-- \/ Yoast SEO plugin. -->","yoast_head_json":{"title":"Ochrana strom\u016f, ke\u0159e - Rychl\u00e9 sek\u00e1n\u00ed tr\u00e1vn\u00edku | Treeguard \u00ae","description":"Revolu\u010dn\u00ed p\u0159izp\u016fsobiteln\u00fd chr\u00e1ni\u010d strom\u016f, ke\u0159\u016f a sloup\u016f p\u0159ed plevelem. Sek\u00e1n\u00ed tr\u00e1vn\u00edku, \u00fadr\u017eba zahrady jednodu\u0161e. Ochrana strom\u016f ji\u017e od v\u00fdsadby \u25ba Video","robots":{"index":"index","follow":"follow","max-snippet":"max-snippet:-1","max-image-preview":"max-image-preview:large","max-video-preview":"max-video-preview:-1"},"canonical":"https:\/\/treeguard.eu\/cs\/","og_locale":"cs_CZ","og_type":"article","og_title":"Ochrana strom\u016f, ke\u0159e - Rychl\u00e9 sek\u00e1n\u00ed tr\u00e1vn\u00edku | Treeguard \u00ae","og_description":"Revolu\u010dn\u00ed p\u0159izp\u016fsobiteln\u00fd chr\u00e1ni\u010d strom\u016f, ke\u0159\u016f a sloup\u016f p\u0159ed plevelem. Sek\u00e1n\u00ed tr\u00e1vn\u00edku, \u00fadr\u017eba zahrady jednodu\u0161e. Ochrana strom\u016f ji\u017e od v\u00fdsadby \u25ba Video","og_url":"https:\/\/treeguard.eu\/cs\/","og_site_name":"TreeGuard","article_publisher":"https:\/\/www.facebook.com\/TreeGuard-1612859625639504\/","article_modified_time":"2018-03-01T08:47:38+00:00","twitter_card":"summary_large_image","twitter_misc":{"Odhadovan\u00e1 doba \u010dten\u00ed":"4 minuty"},"schema":{"@context":"https:\/\/schema.org","@graph":[{"@type":"WebPage","@id":"https:\/\/treeguard.eu\/cs\/","url":"https:\/\/treeguard.eu\/cs\/","name":"Ochrana strom\u016f, ke\u0159e - Rychl\u00e9 sek\u00e1n\u00ed tr\u00e1vn\u00edku | Treeguard \u00ae","isPartOf":{"@id":"https:\/\/treeguard.eu\/#website"},"datePublished":"2017-05-24T15:45:02+00:00","dateModified":"2018-03-01T08:47:38+00:00","description":"Revolu\u010dn\u00ed p\u0159izp\u016fsobiteln\u00fd chr\u00e1ni\u010d strom\u016f, ke\u0159\u016f a sloup\u016f p\u0159ed plevelem. Sek\u00e1n\u00ed tr\u00e1vn\u00edku, \u00fadr\u017eba zahrady jednodu\u0161e. Ochrana strom\u016f ji\u017e od v\u00fdsadby \u25ba Video","breadcrumb":{"@id":"https:\/\/treeguard.eu\/cs\/#breadcrumb"},"inLanguage":"cs","potentialAction":[{"@type":"ReadAction","target":["https:\/\/treeguard.eu\/cs\/"]}]},{"@type":"BreadcrumbList","@id":"https:\/\/treeguard.eu\/cs\/#breadcrumb","itemListElement":[{"@type":"ListItem","position":1,"name":"Domovsk\u00e1 str\u00e1nka","item":"https:\/\/treeguard.eu\/cs\/"},{"@type":"ListItem","position":2,"name":"TreeGuard &#8211; Ochrana stromu &#8211; jednoduch\u00e9 sek\u00e1n\u00ed"}]},{"@type":"WebSite","@id":"https:\/\/treeguard.eu\/#website","url":"https:\/\/treeguard.eu\/","name":"TreeGuard","description":"Revolu\u010dn\u00fd prisp\u00f4sobite\u013en\u00fd chr\u00e1ni\u010d stromov, kr\u00edkov a st\u013apov pred burinou. Kosenie tr\u00e1vnika, \u00fadr\u017eba z\u00e1hrady jednoducho. Ochrana stromov u\u017e od v\u00fdsadby \u25ba Video","potentialAction":[{"@type":"SearchAction","target":{"@type":"EntryPoint","urlTemplate":"https:\/\/treeguard.eu\/?s={search_term_string}"},"query-input":{"@type":"PropertyValueSpecification","valueRequired":true,"valueName":"search_term_string"}}],"inLanguage":"cs"}]}},"_links":{"self":[{"href":"https:\/\/treeguard.eu\/cs\/wp-json\/wp\/v2\/pages\/652","targetHints":{"allow":["GET"]}}],"collection":[{"href":"https:\/\/treeguard.eu\/cs\/wp-json\/wp\/v2\/pages"}],"about":[{"href":"https:\/\/treeguard.eu\/cs\/wp-json\/wp\/v2\/types\/page"}],"author":[{"embeddable":true,"href":"https:\/\/treeguard.eu\/cs\/wp-json\/wp\/v2\/users\/1"}],"replies":[{"embeddable":true,"href":"https:\/\/treeguard.eu\/cs\/wp-json\/wp\/v2\/comments?post=652"}],"version-history":[{"count":6,"href":"https:\/\/treeguard.eu\/cs\/wp-json\/wp\/v2\/pages\/652\/revisions"}],"predecessor-version":[{"id":1420,"href":"https:\/\/treeguard.eu\/cs\/wp-json\/wp\/v2\/pages\/652\/revisions\/1420"}],"wp:attachment":[{"href":"https:\/\/treeguard.eu\/cs\/wp-json\/wp\/v2\/media?parent=652"}],"curies":[{"name":"wp","href":"https:\/\/api.w.org\/{rel}","templated":true}]}}